{"id":12,"date":"2022-10-18T11:47:58","date_gmt":"2022-10-18T11:47:58","guid":{"rendered":"https:\/\/saludmentalrural.practicasdeperiodismo.com\/?page_id=12"},"modified":"2022-10-24T15:42:05","modified_gmt":"2022-10-24T15:42:05","slug":"pagina-3","status":"publish","type":"page","link":"https:\/\/saludmentalrural.practicasdeperiodismo.com\/index.php\/pagina-3\/","title":{"rendered":"Toma de conciencia"},"content":{"rendered":"\t\t<div data-elementor-type=\"wp-page\" data-elementor-id=\"12\" class=\"elementor elementor-12\">\n\t\t\t\t\t\t\t\t\t<section class=\"elementor-section elementor-top-section elementor-element elementor-element-70d6093 elementor-section-boxed elementor-section-height-default elementor-section-height-default\" data-id=\"70d6093\" data-element_type=\"section\">\n\t\t\t\t\t\t<div class=\"elementor-container elementor-column-gap-default\">\n\t\t\t\t\t<div class=\"elementor-column elementor-col-100 elementor-top-column elementor-element elementor-element-fdb7397\" data-id=\"fdb7397\" data-element_type=\"column\">\n\t\t\t<div class=\"elementor-widget-wrap elementor-element-populated\">\n\t\t\t\t\t\t\t\t<div class=\"elementor-element elementor-element-7c061cb elementor-arrows-position-inside elementor-pagination-position-outside elementor-widget elementor-widget-image-carousel\" data-id=\"7c061cb\" data-element_type=\"widget\" data-settings=\"{&quot;slides_to_show&quot;:&quot;1&quot;,&quot;navigation&quot;:&quot;both&quot;,&quot;autoplay&quot;:&quot;yes&quot;,&quot;pause_on_hover&quot;:&quot;yes&quot;,&quot;pause_on_interaction&quot;:&quot;yes&quot;,&quot;autoplay_speed&quot;:5000,&quot;infinite&quot;:&quot;yes&quot;,&quot;effect&quot;:&quot;slide&quot;,&quot;speed&quot;:500}\" data-widget_type=\"image-carousel.default\">\n\t\t\t\t<div class=\"elementor-widget-container\">\n\t\t\t<style>\/*! elementor - v3.7.8 - 02-10-2022 *\/\n.elementor-widget-image-carousel .swiper-container{position:static}.elementor-widget-image-carousel .swiper-container .swiper-slide figure{line-height:inherit}.elementor-widget-image-carousel .swiper-slide{text-align:center}.elementor-image-carousel-wrapper:not(.swiper-container-initialized) .swiper-slide{max-width:calc(100% \/ var(--e-image-carousel-slides-to-show, 3))}<\/style>\t\t<div class=\"elementor-image-carousel-wrapper swiper-container\" dir=\"ltr\">\n\t\t\t<div class=\"elementor-image-carousel swiper-wrapper\">\n\t\t\t\t\t\t\t\t<div class=\"swiper-slide\"><figure class=\"swiper-slide-inner\"><img class=\"swiper-slide-image\" src=\"https:\/\/saludmentalrural.practicasdeperiodismo.com\/wp-content\/uploads\/2022\/10\/Uno-de-cada-diez-mayores-de-75-anos-declara-padecer-un-cuadro-depresivo-5.png\" alt=\"Cabecera carrusel 3\" \/><\/figure><\/div><div class=\"swiper-slide\"><figure class=\"swiper-slide-inner\"><img class=\"swiper-slide-image\" src=\"https:\/\/saludmentalrural.practicasdeperiodismo.com\/wp-content\/uploads\/2022\/10\/Uno-de-cada-diez-mayores-de-75-anos-declara-padecer-un-cuadro-depresivo-7.png\" alt=\"Imagen carrusel 3 2\" \/><\/figure><\/div><div class=\"swiper-slide\"><figure class=\"swiper-slide-inner\"><img class=\"swiper-slide-image\" src=\"https:\/\/saludmentalrural.practicasdeperiodismo.com\/wp-content\/uploads\/2022\/10\/Uno-de-cada-diez-mayores-de-75-anos-declara-padecer-un-cuadro-depresivo-6.png\" alt=\"Imagen carrusel 3 1\" \/><\/figure><\/div>\t\t\t<\/div>\n\t\t\t\t\t\t\t\t\t\t\t\t<div class=\"swiper-pagination\"><\/div>\n\t\t\t\t\t\t\t\t\t\t\t\t\t<div class=\"elementor-swiper-button elementor-swiper-button-prev\">\n\t\t\t\t\t\t<i aria-hidden=\"true\" class=\"eicon-chevron-left\"><\/i>\t\t\t\t\t\t<span class=\"elementor-screen-only\">Previous<\/span>\n\t\t\t\t\t<\/div>\n\t\t\t\t\t<div class=\"elementor-swiper-button elementor-swiper-button-next\">\n\t\t\t\t\t\t<i aria-hidden=\"true\" class=\"eicon-chevron-right\"><\/i>\t\t\t\t\t\t<span class=\"elementor-screen-only\">Next<\/span>\n\t\t\t\t\t<\/div>\n\t\t\t\t\t\t\t\t\t<\/div>\n\t\t\t\t<\/div>\n\t\t\t\t<\/div>\n\t\t\t\t\t<\/div>\n\t\t<\/div>\n\t\t\t\t\t\t\t<\/div>\n\t\t<\/section>\n\t\t\t\t<section class=\"elementor-section elementor-top-section elementor-element elementor-element-01df012 elementor-section-boxed elementor-section-height-default elementor-section-height-default\" data-id=\"01df012\" data-element_type=\"section\">\n\t\t\t\t\t\t<div class=\"elementor-container elementor-column-gap-default\">\n\t\t\t\t\t<div class=\"elementor-column elementor-col-33 elementor-top-column elementor-element elementor-element-21a1b07\" data-id=\"21a1b07\" data-element_type=\"column\">\n\t\t\t<div class=\"elementor-widget-wrap elementor-element-populated\">\n\t\t\t\t\t\t\t\t<div class=\"elementor-element elementor-element-12d839c elementor-widget-divider--view-line elementor-widget elementor-widget-divider\" data-id=\"12d839c\" data-element_type=\"widget\" data-widget_type=\"divider.default\">\n\t\t\t\t<div class=\"elementor-widget-container\">\n\t\t\t<style>\/*! elementor - v3.7.8 - 02-10-2022 *\/\n.elementor-widget-divider{--divider-border-style:none;--divider-border-width:1px;--divider-color:#2c2c2c;--divider-icon-size:20px;--divider-element-spacing:10px;--divider-pattern-height:24px;--divider-pattern-size:20px;--divider-pattern-url:none;--divider-pattern-repeat:repeat-x}.elementor-widget-divider .elementor-divider{display:-webkit-box;display:-ms-flexbox;display:flex}.elementor-widget-divider .elementor-divider__text{font-size:15px;line-height:1;max-width:95%}.elementor-widget-divider .elementor-divider__element{margin:0 var(--divider-element-spacing);-ms-flex-negative:0;flex-shrink:0}.elementor-widget-divider .elementor-icon{font-size:var(--divider-icon-size)}.elementor-widget-divider .elementor-divider-separator{display:-webkit-box;display:-ms-flexbox;display:flex;margin:0;direction:ltr}.elementor-widget-divider--view-line_icon .elementor-divider-separator,.elementor-widget-divider--view-line_text .elementor-divider-separator{-webkit-box-align:center;-ms-flex-align:center;align-items:center}.elementor-widget-divider--view-line_icon .elementor-divider-separator:after,.elementor-widget-divider--view-line_icon .elementor-divider-separator:before,.elementor-widget-divider--view-line_text .elementor-divider-separator:after,.elementor-widget-divider--view-line_text .elementor-divider-separator:before{display:block;content:\"\";border-bottom:0;-webkit-box-flex:1;-ms-flex-positive:1;flex-grow:1;border-top:var(--divider-border-width) var(--divider-border-style) var(--divider-color)}.elementor-widget-divider--element-align-left .elementor-divider .elementor-divider-separator>.elementor-divider__svg:first-of-type{-webkit-box-flex:0;-ms-flex-positive:0;flex-grow:0;-ms-flex-negative:100;flex-shrink:100}.elementor-widget-divider--element-align-left .elementor-divider-separator:before{content:none}.elementor-widget-divider--element-align-left .elementor-divider__element{margin-left:0}.elementor-widget-divider--element-align-right .elementor-divider .elementor-divider-separator>.elementor-divider__svg:last-of-type{-webkit-box-flex:0;-ms-flex-positive:0;flex-grow:0;-ms-flex-negative:100;flex-shrink:100}.elementor-widget-divider--element-align-right .elementor-divider-separator:after{content:none}.elementor-widget-divider--element-align-right .elementor-divider__element{margin-right:0}.elementor-widget-divider:not(.elementor-widget-divider--view-line_text):not(.elementor-widget-divider--view-line_icon) .elementor-divider-separator{border-top:var(--divider-border-width) var(--divider-border-style) var(--divider-color)}.elementor-widget-divider--separator-type-pattern{--divider-border-style:none}.elementor-widget-divider--separator-type-pattern.elementor-widget-divider--view-line .elementor-divider-separator,.elementor-widget-divider--separator-type-pattern:not(.elementor-widget-divider--view-line) .elementor-divider-separator:after,.elementor-widget-divider--separator-type-pattern:not(.elementor-widget-divider--view-line) .elementor-divider-separator:before,.elementor-widget-divider--separator-type-pattern:not([class*=elementor-widget-divider--view]) .elementor-divider-separator{width:100%;min-height:var(--divider-pattern-height);-webkit-mask-size:var(--divider-pattern-size) 100%;mask-size:var(--divider-pattern-size) 100%;-webkit-mask-repeat:var(--divider-pattern-repeat);mask-repeat:var(--divider-pattern-repeat);background-color:var(--divider-color);-webkit-mask-image:var(--divider-pattern-url);mask-image:var(--divider-pattern-url)}.elementor-widget-divider--no-spacing{--divider-pattern-size:auto}.elementor-widget-divider--bg-round{--divider-pattern-repeat:round}.rtl .elementor-widget-divider .elementor-divider__text{direction:rtl}.e-container>.elementor-widget-divider{width:var(--container-widget-width,100%);--flex-grow:var(--container-widget-flex-grow,0)}<\/style>\t\t<div class=\"elementor-divider\">\n\t\t\t<span class=\"elementor-divider-separator\">\n\t\t\t\t\t\t<\/span>\n\t\t<\/div>\n\t\t\t\t<\/div>\n\t\t\t\t<\/div>\n\t\t\t\t\t<\/div>\n\t\t<\/div>\n\t\t\t\t<div class=\"elementor-column elementor-col-33 elementor-top-column elementor-element elementor-element-17c9bcf\" data-id=\"17c9bcf\" data-element_type=\"column\">\n\t\t\t<div class=\"elementor-widget-wrap elementor-element-populated\">\n\t\t\t\t\t\t\t\t<div class=\"elementor-element elementor-element-4759414 elementor-widget elementor-widget-heading\" data-id=\"4759414\" data-element_type=\"widget\" data-widget_type=\"heading.default\">\n\t\t\t\t<div class=\"elementor-widget-container\">\n\t\t\t<style>\/*! elementor - v3.7.8 - 02-10-2022 *\/\n.elementor-heading-title{padding:0;margin:0;line-height:1}.elementor-widget-heading .elementor-heading-title[class*=elementor-size-]>a{color:inherit;font-size:inherit;line-height:inherit}.elementor-widget-heading .elementor-heading-title.elementor-size-small{font-size:15px}.elementor-widget-heading .elementor-heading-title.elementor-size-medium{font-size:19px}.elementor-widget-heading .elementor-heading-title.elementor-size-large{font-size:29px}.elementor-widget-heading .elementor-heading-title.elementor-size-xl{font-size:39px}.elementor-widget-heading .elementor-heading-title.elementor-size-xxl{font-size:59px}<\/style><h2 class=\"elementor-heading-title elementor-size-default\">Toma de conciencia<\/h2>\t\t<\/div>\n\t\t\t\t<\/div>\n\t\t\t\t\t<\/div>\n\t\t<\/div>\n\t\t\t\t<div class=\"elementor-column elementor-col-33 elementor-top-column elementor-element elementor-element-4df0afd\" data-id=\"4df0afd\" data-element_type=\"column\">\n\t\t\t<div class=\"elementor-widget-wrap elementor-element-populated\">\n\t\t\t\t\t\t\t\t<div class=\"elementor-element elementor-element-7a95b35 elementor-widget-divider--view-line elementor-widget elementor-widget-divider\" data-id=\"7a95b35\" data-element_type=\"widget\" data-widget_type=\"divider.default\">\n\t\t\t\t<div class=\"elementor-widget-container\">\n\t\t\t\t\t<div class=\"elementor-divider\">\n\t\t\t<span class=\"elementor-divider-separator\">\n\t\t\t\t\t\t<\/span>\n\t\t<\/div>\n\t\t\t\t<\/div>\n\t\t\t\t<\/div>\n\t\t\t\t\t<\/div>\n\t\t<\/div>\n\t\t\t\t\t\t\t<\/div>\n\t\t<\/section>\n\t\t\t\t<section class=\"elementor-section elementor-top-section elementor-element elementor-element-60816a5 elementor-section-boxed elementor-section-height-default elementor-section-height-default\" data-id=\"60816a5\" data-element_type=\"section\">\n\t\t\t\t\t\t<div class=\"elementor-container elementor-column-gap-default\">\n\t\t\t\t\t<div class=\"elementor-column elementor-col-100 elementor-top-column elementor-element elementor-element-c751ceb\" data-id=\"c751ceb\" data-element_type=\"column\">\n\t\t\t<div class=\"elementor-widget-wrap elementor-element-populated\">\n\t\t\t\t\t\t\t\t<div class=\"elementor-element elementor-element-128add9 elementor-widget elementor-widget-text-editor\" data-id=\"128add9\" data-element_type=\"widget\" data-widget_type=\"text-editor.default\">\n\t\t\t\t<div class=\"elementor-widget-container\">\n\t\t\t<style>\/*! elementor - v3.7.8 - 02-10-2022 *\/\n.elementor-widget-text-editor.elementor-drop-cap-view-stacked .elementor-drop-cap{background-color:#818a91;color:#fff}.elementor-widget-text-editor.elementor-drop-cap-view-framed .elementor-drop-cap{color:#818a91;border:3px solid;background-color:transparent}.elementor-widget-text-editor:not(.elementor-drop-cap-view-default) .elementor-drop-cap{margin-top:8px}.elementor-widget-text-editor:not(.elementor-drop-cap-view-default) .elementor-drop-cap-letter{width:1em;height:1em}.elementor-widget-text-editor .elementor-drop-cap{float:left;text-align:center;line-height:1;font-size:50px}.elementor-widget-text-editor .elementor-drop-cap-letter{display:inline-block}<\/style>\t\t\t\t<h2><strong>\u00a0<\/strong><\/h2><h2><strong>La importancia de ponerle nombre<\/strong><\/h2><h4><span style=\"font-weight: normal;\">Se podr\u00eda decir que el diagn\u00f3stico de una enfermedad tiene dos partes: una m\u00e1s pr\u00e1ctica, que lleva a su tratamiento, y seguimiento y otra intangible, que es conceptualizar lo que sucede. Para Miguel, poder dar nombre a su malestar necesit\u00f3 de dos hospitalizaciones previas, hasta que el segundo m\u00e9dico que los asisti\u00f3 comunic\u00f3 a la familia que padec\u00eda un trastorno bipolar: una enfermedad cr\u00f3nica que afecta al estado del \u00e1nimo y alterna episodios depresivos y de exaltaci\u00f3n del humor. Fue una etapa que Miguel prefiere no recordar, por lo que es In\u00e9s quien lo cuenta:<\/span> \u00abHac\u00eda cosas que nunca hab\u00eda hecho; hablaba de cosas que nunca hab\u00eda hablado\u00bb.<span style=\"font-weight: normal;\"> De ese modo, su familia en seguida supo que ten\u00edan que ponerse en manos de los m\u00e9dicos.<\/span><\/h4><h4><span style=\"font-weight: normal;\">Durante mucho tiempo \u00c1ngela pens\u00f3 que su malestar se deb\u00eda a otras molestias: <\/span>en la tercera edad es frecuente que ansiedad o depresi\u00f3n se somaticen en otras dolencias, <span style=\"font-weight: normal;\">por eso es importante su identificaci\u00f3n para poder tratarlas, dicen desde la Unidad de Psiquiatr\u00eda del Hospital Virgen del Puerto (Plasencia). Para \u00c1ngela fueron v\u00e9rtigos y problemas digestivos, a los que siguieron una larga lista de pruebas m\u00e9dicas para descartar enfermedades. Sin embargo, el s\u00edntoma que siempre permanec\u00eda era el malestar an\u00edmico. Tras su diagn\u00f3stico, ya sabe qu\u00e9 lo causa y c\u00f3mo describirlo: <\/span>\u00abEs peor la ansiedad que los dolores. Porque para el dolor te puedes tomar un calmante, o vas al m\u00e9dico y sabes qu\u00e9 te pasa, pero con la ansiedad\u2026<span style=\"font-weight: normal;\"> no saben ni los m\u00e9dicos ni el enfermo\u00bb.<\/span><\/h4>\t\t\t\t\t\t<\/div>\n\t\t\t\t<\/div>\n\t\t\t\t\t<\/div>\n\t\t<\/div>\n\t\t\t\t\t\t\t<\/div>\n\t\t<\/section>\n\t\t\t\t<section class=\"elementor-section elementor-top-section elementor-element elementor-element-ef6c061 elementor-section-boxed elementor-section-height-default elementor-section-height-default\" data-id=\"ef6c061\" data-element_type=\"section\">\n\t\t\t\t\t\t<div class=\"elementor-container elementor-column-gap-default\">\n\t\t\t\t\t<div class=\"elementor-column elementor-col-50 elementor-top-column elementor-element elementor-element-f3e982f\" data-id=\"f3e982f\" data-element_type=\"column\">\n\t\t\t<div class=\"elementor-widget-wrap elementor-element-populated\">\n\t\t\t\t\t\t\t\t<div class=\"elementor-element elementor-element-8dc8ac4 elementor-widget elementor-widget-text-editor\" data-id=\"8dc8ac4\" data-element_type=\"widget\" data-widget_type=\"text-editor.default\">\n\t\t\t\t<div class=\"elementor-widget-container\">\n\t\t\t\t\t\t\t<h2 style=\"font-variant-ligatures: normal; font-variant-caps: normal; font-family: 'Roboto Slab', sans-serif; font-style: normal;\"><span style=\"font-size: 20px; font-weight: 600;\">Un psic\u00f3logo para 11.834 extreme\u00f1os<\/span><\/h2><h4><span style=\"font-weight: normal;\">Hace ya una d\u00e9cada Miguel pas\u00f3 por dos ingresos en Plasencia para tratarse: el primero en la Unidad de Psiquiatr\u00eda del hospital, y el segundo, de mes y medio, en el Centro Sociosanitario. Hoy d\u00eda, Miguel asegura que se siente mucho mejor gracias a la medicaci\u00f3n, pero lamenta que es demasiado fuerte. Desde que est\u00e1 en tratamiento lleva una vida estable y va peri\u00f3dicamente a revisiones con el psiquiatra. Sin embargo, con el comienzo de la pandemia no lo han vuelto a citar, y actualmente est\u00e1 en espera. La propia Unidad de Psiquiatr\u00eda del hospital valora positivamente la dotaci\u00f3n de recursos de salud mental que tiene la ciudad, aunque matizan que<\/span>\u00a0<span style=\"font-family: 'Roboto Slab', sans-serif; font-size: 17px; font-style: normal; font-variant-ligatures: normal; font-variant-caps: normal;\">la falta de personal provoca grandes retrasos.<\/span><\/h4><h4><span style=\"font-weight: normal;\">\u00c1ngela lleva desde 2018 con un psic\u00f3logo privado de Plasencia al que llama por tel\u00e9fono cuando lo necesita. Citarse con un psic\u00f3logo de la sanidad p\u00fablica no era una opci\u00f3n, pues la espera se extiende de uno a dos meses en Plasencia. Actualmente est\u00e1 superando un episodio ansioso-depresivo de varios meses: \u00abEn una ocasi\u00f3n quise arrancar las macetas y tirarlas, porque yo ya no las iba a poder cuidar de lo mal que me encontraba\u00bb, recuerda de los peores momentos. Gracias a la ayuda del m\u00e9dico y del psic\u00f3logo est\u00e1 empezando a sentirse mejor: <\/span>\u00abCon el tratamiento me siento m\u00e1s valorada; siento que soy alguien\u00bb.<\/h4>\t\t\t\t\t\t<\/div>\n\t\t\t\t<\/div>\n\t\t\t\t\t<\/div>\n\t\t<\/div>\n\t\t\t\t<div class=\"elementor-column elementor-col-50 elementor-top-column elementor-element elementor-element-2e86066\" data-id=\"2e86066\" data-element_type=\"column\">\n\t\t\t<div class=\"elementor-widget-wrap elementor-element-populated\">\n\t\t\t\t\t\t\t\t<div class=\"elementor-element elementor-element-febacfc elementor-widget elementor-widget-html\" data-id=\"febacfc\" data-element_type=\"widget\" data-widget_type=\"html.default\">\n\t\t\t\t<div class=\"elementor-widget-container\">\n\t\t\t<div class=\"container-wrapper-genially\" style=\"position: relative; min-height: 400px; max-width: 100%;\"><video class=\"loader-genially\" autoplay=\"autoplay\" loop=\"loop\" playsinline=\"playsInline\" muted=\"muted\" style=\"position: absolute;top: 45%;left: 50%;transform: translate(-50%, -50%);width: 80px;height: 80px;margin-bottom: 10%\"><source src=\"https:\/\/static.genial.ly\/resources\/panel-loader-low.mp4\" type=\"video\/mp4\" \/>Your browser does not support the video tag.<\/video><div id=\"634c83a24c5559001aabde7b\" class=\"genially-embed\" style=\"margin: 0px auto; position: relative; height: auto; width: 100%;\"><\/div><\/div><script>(function (d) { var js, id = \"genially-embed-js\", ref = d.getElementsByTagName(\"script\")[0]; if (d.getElementById(id)) { return; } js = d.createElement(\"script\"); js.id = id; js.async = true; js.src = \"https:\/\/view.genial.ly\/static\/embed\/embed.js\"; ref.parentNode.insertBefore(js, ref); }(document));<\/script>\t\t<\/div>\n\t\t\t\t<\/div>\n\t\t\t\t\t<\/div>\n\t\t<\/div>\n\t\t\t\t\t\t\t<\/div>\n\t\t<\/section>\n\t\t\t\t<section class=\"elementor-section elementor-top-section elementor-element elementor-element-b9b4400 elementor-section-boxed elementor-section-height-default elementor-section-height-default\" data-id=\"b9b4400\" data-element_type=\"section\">\n\t\t\t\t\t\t<div class=\"elementor-container elementor-column-gap-default\">\n\t\t\t\t\t<div class=\"elementor-column elementor-col-50 elementor-top-column elementor-element elementor-element-85ff97c\" data-id=\"85ff97c\" data-element_type=\"column\">\n\t\t\t<div class=\"elementor-widget-wrap elementor-element-populated\">\n\t\t\t\t\t\t\t\t<div class=\"elementor-element elementor-element-2187ce5 elementor-widget elementor-widget-text-editor\" data-id=\"2187ce5\" data-element_type=\"widget\" data-widget_type=\"text-editor.default\">\n\t\t\t\t<div class=\"elementor-widget-container\">\n\t\t\t\t\t\t\t<h2 style=\"font-variant-ligatures: normal; font-variant-caps: normal; font-family: 'Roboto Slab', sans-serif; font-style: normal;\"><span style=\"font-size: 20px; font-weight: 600;\">\u00abNada como estar en casa\u00bb<\/span><\/h2><h4><span style=\"font-weight: normal;\">La entereza con la que In\u00e9s asiste a Miguel parece inquebrantable: <\/span>\u00abQu\u00e9 le voy a hacer, tengo que criarla [la fuerza]. <span style=\"font-family: 'Roboto Slab', sans-serif; font-size: 17px; font-style: normal; font-variant-ligatures: normal; font-variant-caps: normal; font-weight: 600;\">\u00c9l no me puede ver a m\u00ed para abajo, que se baja el doble porque depende de m\u00ed\u00bb,<\/span><span style=\"font-family: 'Roboto Slab', sans-serif; font-size: 17px; font-style: normal; font-variant-ligatures: normal; font-variant-caps: normal; font-weight: normal;\">\u00a0explica. A In\u00e9s le gustar\u00eda volver a la finca donde creci\u00f3, en lo alto de la sierra, pero no se plantea ir por no dejar solo a Miguel, que con la artrosis de sus manos necesita ayuda para muchas tareas cotidianas. Adem\u00e1s, tras los dos ingresos, Miguel prefiere la ayuda de su familia: \u00abNada como estar en casa\u00bb, dice.<\/span><\/h4><h4><span style=\"font-weight: normal;\">Al preguntar a Lorenzo qu\u00e9 ha aprendido de esta<\/span> <span style=\"font-weight: normal;\">experiencia, bromea y dice que a llevar la casa. Pero <\/span>el papel del cuidador va mucho m\u00e1s all\u00e1 de la ejecuci\u00f3n de tareas cotidianas, <span style=\"font-weight: normal;\">pues pasa a ser el principal soporte emocional del enfermo. En este sentido, Lorenzo confiesa que ha sido duro sobrellevar el \u00faltimo episodio ansioso-depresivo de su mujer: \u00abUn d\u00eda est\u00e1bamos ah\u00ed, en el pasillo, los dos abrazados llorando porque \u00e9l no sab\u00eda ya qu\u00e9 hacerme y yo no sab\u00eda qu\u00e9 hacer\u2026\u00bb, recuerda \u00c1ngela. Sin la ayuda y compa\u00f1\u00eda de Lorenzo, asegura que esta etapa habr\u00eda sido mucho m\u00e1s dif\u00edcil: <\/span>\u00abPara m\u00ed ha sido la mejor medicina. \u00c9l no lo ha entendido siquiera\u00bb.<\/h4>\t\t\t\t\t\t<\/div>\n\t\t\t\t<\/div>\n\t\t\t\t\t<\/div>\n\t\t<\/div>\n\t\t\t\t<div class=\"elementor-column elementor-col-50 elementor-top-column elementor-element elementor-element-c2f0d53\" data-id=\"c2f0d53\" data-element_type=\"column\">\n\t\t\t<div class=\"elementor-widget-wrap elementor-element-populated\">\n\t\t\t\t\t\t\t\t<div class=\"elementor-element elementor-element-b78d82a elementor-widget__width-initial elementor-widget elementor-widget-html\" data-id=\"b78d82a\" data-element_type=\"widget\" data-widget_type=\"html.default\">\n\t\t\t\t<div class=\"elementor-widget-container\">\n\t\t\t<div class=\"container-wrapper-genially\" style=\"position: relative; min-height: 400px; max-width: 100%;\"><video class=\"loader-genially\" autoplay=\"autoplay\" loop=\"loop\" playsinline=\"playsInline\" muted=\"muted\" style=\"position: absolute;top: 45%;left: 50%;transform: translate(-50%, -50%);width: 80px;height: 80px;margin-bottom: 10%\"><source src=\"https:\/\/static.genial.ly\/resources\/panel-loader-low.mp4\" type=\"video\/mp4\" \/>Your browser does not support the video tag.<\/video><div id=\"6349db34d1d0d90012c80de5\" class=\"genially-embed\" style=\"margin: 0px auto; position: relative; height: auto; width: 100%;\"><\/div><\/div><script>(function (d) { var js, id = \"genially-embed-js\", ref = d.getElementsByTagName(\"script\")[0]; if (d.getElementById(id)) { return; } js = d.createElement(\"script\"); js.id = id; js.async = true; js.src = \"https:\/\/view.genial.ly\/static\/embed\/embed.js\"; ref.parentNode.insertBefore(js, ref); }(document));<\/script>\t\t<\/div>\n\t\t\t\t<\/div>\n\t\t\t\t\t<\/div>\n\t\t<\/div>\n\t\t\t\t\t\t\t<\/div>\n\t\t<\/section>\n\t\t\t\t<section class=\"elementor-section elementor-top-section elementor-element elementor-element-113b835 elementor-section-boxed elementor-section-height-default elementor-section-height-default\" data-id=\"113b835\" data-element_type=\"section\">\n\t\t\t\t\t\t<div class=\"elementor-container elementor-column-gap-default\">\n\t\t\t\t\t<div class=\"elementor-column elementor-col-50 elementor-top-column elementor-element elementor-element-119ae38\" data-id=\"119ae38\" data-element_type=\"column\">\n\t\t\t<div class=\"elementor-widget-wrap elementor-element-populated\">\n\t\t\t\t\t\t\t\t<div class=\"elementor-element elementor-element-e0e48fa elementor-widget elementor-widget-text-editor\" data-id=\"e0e48fa\" data-element_type=\"widget\" data-widget_type=\"text-editor.default\">\n\t\t\t\t<div class=\"elementor-widget-container\">\n\t\t\t\t\t\t\t<p><a href=\"https:\/\/saludmentalrural.practicasdeperiodismo.com\/index.php\/pagina-2\/\">ANTERIOR<\/a><\/p>\t\t\t\t\t\t<\/div>\n\t\t\t\t<\/div>\n\t\t\t\t\t<\/div>\n\t\t<\/div>\n\t\t\t\t<div class=\"elementor-column elementor-col-50 elementor-top-column elementor-element elementor-element-350db6f\" data-id=\"350db6f\" data-element_type=\"column\">\n\t\t\t<div class=\"elementor-widget-wrap elementor-element-populated\">\n\t\t\t\t\t\t\t\t<div class=\"elementor-element elementor-element-e706f37 elementor-widget elementor-widget-text-editor\" data-id=\"e706f37\" data-element_type=\"widget\" data-widget_type=\"text-editor.default\">\n\t\t\t\t<div class=\"elementor-widget-container\">\n\t\t\t\t\t\t\t<p><a href=\"https:\/\/saludmentalrural.practicasdeperiodismo.com\/index.php\/pagina-4\/\">SIGUIENTE<\/a><\/p>\t\t\t\t\t\t<\/div>\n\t\t\t\t<\/div>\n\t\t\t\t\t<\/div>\n\t\t<\/div>\n\t\t\t\t\t\t\t<\/div>\n\t\t<\/section>\n\t\t\t\t\t\t\t<\/div>\n\t\t","protected":false},"excerpt":{"rendered":"<p>Previous Next Toma de conciencia \u00a0 La importancia de ponerle nombre Se podr\u00eda decir que el diagn\u00f3stico de una enfermedad tiene dos partes: una m\u00e1s pr\u00e1ctica, que lleva a su tratamiento, y seguimiento y otra intangible, que es conceptualizar lo que sucede. Para Miguel, poder dar nombre a su malestar necesit\u00f3 de dos hospitalizaciones previas, [&hellip;]<\/p>\n","protected":false},"author":2,"featured_media":0,"parent":0,"menu_order":0,"comment_status":"closed","ping_status":"closed","template":"","meta":{"om_disable_all_campaigns":false,"_monsterinsights_skip_tracking":false,"_monsterinsights_sitenote_active":false,"_monsterinsights_sitenote_note":"","_monsterinsights_sitenote_category":0},"aioseo_notices":[],"_links":{"self":[{"href":"https:\/\/saludmentalrural.practicasdeperiodismo.com\/index.php\/wp-json\/wp\/v2\/pages\/12"}],"collection":[{"href":"https:\/\/saludmentalrural.practicasdeperiodismo.com\/index.php\/wp-json\/wp\/v2\/pages"}],"about":[{"href":"https:\/\/saludmentalrural.practicasdeperiodismo.com\/index.php\/wp-json\/wp\/v2\/types\/page"}],"author":[{"embeddable":true,"href":"https:\/\/saludmentalrural.practicasdeperiodismo.com\/index.php\/wp-json\/wp\/v2\/users\/2"}],"replies":[{"embeddable":true,"href":"https:\/\/saludmentalrural.practicasdeperiodismo.com\/index.php\/wp-json\/wp\/v2\/comments?post=12"}],"version-history":[{"count":65,"href":"https:\/\/saludmentalrural.practicasdeperiodismo.com\/index.php\/wp-json\/wp\/v2\/pages\/12\/revisions"}],"predecessor-version":[{"id":468,"href":"https:\/\/saludmentalrural.practicasdeperiodismo.com\/index.php\/wp-json\/wp\/v2\/pages\/12\/revisions\/468"}],"wp:attachment":[{"href":"https:\/\/saludmentalrural.practicasdeperiodismo.com\/index.php\/wp-json\/wp\/v2\/media?parent=12"}],"curies":[{"name":"wp","href":"https:\/\/api.w.org\/{rel}","templated":true}]}}