{"id":14,"date":"2022-10-18T11:48:18","date_gmt":"2022-10-18T11:48:18","guid":{"rendered":"https:\/\/saludmentalrural.practicasdeperiodismo.com\/?page_id=14"},"modified":"2022-10-24T15:39:13","modified_gmt":"2022-10-24T15:39:13","slug":"pagina-4","status":"publish","type":"page","link":"https:\/\/saludmentalrural.practicasdeperiodismo.com\/index.php\/pagina-4\/","title":{"rendered":"Salvar las distancias"},"content":{"rendered":"\t\t<div data-elementor-type=\"wp-page\" data-elementor-id=\"14\" class=\"elementor elementor-14\">\n\t\t\t\t\t\t\t\t\t<section class=\"elementor-section elementor-top-section elementor-element elementor-element-8507e9e elementor-section-boxed elementor-section-height-default elementor-section-height-default\" data-id=\"8507e9e\" data-element_type=\"section\">\n\t\t\t\t\t\t<div class=\"elementor-container elementor-column-gap-default\">\n\t\t\t\t\t<div class=\"elementor-column elementor-col-100 elementor-top-column elementor-element elementor-element-ca052eb\" data-id=\"ca052eb\" data-element_type=\"column\">\n\t\t\t<div class=\"elementor-widget-wrap elementor-element-populated\">\n\t\t\t\t\t\t\t\t<div class=\"elementor-element elementor-element-0fb8b9a elementor-arrows-position-inside elementor-pagination-position-outside elementor-widget elementor-widget-image-carousel\" data-id=\"0fb8b9a\" data-element_type=\"widget\" data-settings=\"{&quot;slides_to_show&quot;:&quot;1&quot;,&quot;navigation&quot;:&quot;both&quot;,&quot;autoplay&quot;:&quot;yes&quot;,&quot;pause_on_hover&quot;:&quot;yes&quot;,&quot;pause_on_interaction&quot;:&quot;yes&quot;,&quot;autoplay_speed&quot;:5000,&quot;infinite&quot;:&quot;yes&quot;,&quot;effect&quot;:&quot;slide&quot;,&quot;speed&quot;:500}\" data-widget_type=\"image-carousel.default\">\n\t\t\t\t<div class=\"elementor-widget-container\">\n\t\t\t<style>\/*! elementor - v3.7.8 - 02-10-2022 *\/\n.elementor-widget-image-carousel .swiper-container{position:static}.elementor-widget-image-carousel .swiper-container .swiper-slide figure{line-height:inherit}.elementor-widget-image-carousel .swiper-slide{text-align:center}.elementor-image-carousel-wrapper:not(.swiper-container-initialized) .swiper-slide{max-width:calc(100% \/ var(--e-image-carousel-slides-to-show, 3))}<\/style>\t\t<div class=\"elementor-image-carousel-wrapper swiper-container\" dir=\"ltr\">\n\t\t\t<div class=\"elementor-image-carousel swiper-wrapper\">\n\t\t\t\t\t\t\t\t<div class=\"swiper-slide\"><figure class=\"swiper-slide-inner\"><img class=\"swiper-slide-image\" src=\"https:\/\/saludmentalrural.practicasdeperiodismo.com\/wp-content\/uploads\/2022\/10\/Uno-de-cada-diez-mayores-de-75-anos-declara-padecer-un-cuadro-depresivo-8.png\" alt=\"Cabecera carrusel 4\" \/><\/figure><\/div><div class=\"swiper-slide\"><figure class=\"swiper-slide-inner\"><img class=\"swiper-slide-image\" src=\"https:\/\/saludmentalrural.practicasdeperiodismo.com\/wp-content\/uploads\/2022\/10\/Uno-de-cada-diez-mayores-de-75-anos-declara-padecer-un-cuadro-depresivo-9.png\" alt=\"Imagen carrusel 3 1\" \/><\/figure><\/div><div class=\"swiper-slide\"><figure class=\"swiper-slide-inner\"><img class=\"swiper-slide-image\" src=\"https:\/\/saludmentalrural.practicasdeperiodismo.com\/wp-content\/uploads\/2022\/10\/Uno-de-cada-diez-mayores-de-75-anos-declara-padecer-un-cuadro-depresivo-10.png\" alt=\"Imagen carrusel 3 2\" \/><\/figure><\/div>\t\t\t<\/div>\n\t\t\t\t\t\t\t\t\t\t\t\t<div class=\"swiper-pagination\"><\/div>\n\t\t\t\t\t\t\t\t\t\t\t\t\t<div class=\"elementor-swiper-button elementor-swiper-button-prev\">\n\t\t\t\t\t\t<i aria-hidden=\"true\" class=\"eicon-chevron-left\"><\/i>\t\t\t\t\t\t<span class=\"elementor-screen-only\">Previous<\/span>\n\t\t\t\t\t<\/div>\n\t\t\t\t\t<div class=\"elementor-swiper-button elementor-swiper-button-next\">\n\t\t\t\t\t\t<i aria-hidden=\"true\" class=\"eicon-chevron-right\"><\/i>\t\t\t\t\t\t<span class=\"elementor-screen-only\">Next<\/span>\n\t\t\t\t\t<\/div>\n\t\t\t\t\t\t\t\t\t<\/div>\n\t\t\t\t<\/div>\n\t\t\t\t<\/div>\n\t\t\t\t\t<\/div>\n\t\t<\/div>\n\t\t\t\t\t\t\t<\/div>\n\t\t<\/section>\n\t\t\t\t<section class=\"elementor-section elementor-top-section elementor-element elementor-element-6fb5af5 elementor-section-boxed elementor-section-height-default elementor-section-height-default\" data-id=\"6fb5af5\" data-element_type=\"section\">\n\t\t\t\t\t\t<div class=\"elementor-container elementor-column-gap-default\">\n\t\t\t\t\t<div class=\"elementor-column elementor-col-33 elementor-top-column elementor-element elementor-element-1a08481\" data-id=\"1a08481\" data-element_type=\"column\">\n\t\t\t<div class=\"elementor-widget-wrap elementor-element-populated\">\n\t\t\t\t\t\t\t\t<div class=\"elementor-element elementor-element-8800249 elementor-widget-divider--view-line elementor-widget elementor-widget-divider\" data-id=\"8800249\" data-element_type=\"widget\" data-widget_type=\"divider.default\">\n\t\t\t\t<div class=\"elementor-widget-container\">\n\t\t\t<style>\/*! elementor - v3.7.8 - 02-10-2022 *\/\n.elementor-widget-divider{--divider-border-style:none;--divider-border-width:1px;--divider-color:#2c2c2c;--divider-icon-size:20px;--divider-element-spacing:10px;--divider-pattern-height:24px;--divider-pattern-size:20px;--divider-pattern-url:none;--divider-pattern-repeat:repeat-x}.elementor-widget-divider .elementor-divider{display:-webkit-box;display:-ms-flexbox;display:flex}.elementor-widget-divider .elementor-divider__text{font-size:15px;line-height:1;max-width:95%}.elementor-widget-divider .elementor-divider__element{margin:0 var(--divider-element-spacing);-ms-flex-negative:0;flex-shrink:0}.elementor-widget-divider .elementor-icon{font-size:var(--divider-icon-size)}.elementor-widget-divider .elementor-divider-separator{display:-webkit-box;display:-ms-flexbox;display:flex;margin:0;direction:ltr}.elementor-widget-divider--view-line_icon .elementor-divider-separator,.elementor-widget-divider--view-line_text .elementor-divider-separator{-webkit-box-align:center;-ms-flex-align:center;align-items:center}.elementor-widget-divider--view-line_icon .elementor-divider-separator:after,.elementor-widget-divider--view-line_icon .elementor-divider-separator:before,.elementor-widget-divider--view-line_text .elementor-divider-separator:after,.elementor-widget-divider--view-line_text .elementor-divider-separator:before{display:block;content:\"\";border-bottom:0;-webkit-box-flex:1;-ms-flex-positive:1;flex-grow:1;border-top:var(--divider-border-width) var(--divider-border-style) var(--divider-color)}.elementor-widget-divider--element-align-left .elementor-divider .elementor-divider-separator>.elementor-divider__svg:first-of-type{-webkit-box-flex:0;-ms-flex-positive:0;flex-grow:0;-ms-flex-negative:100;flex-shrink:100}.elementor-widget-divider--element-align-left .elementor-divider-separator:before{content:none}.elementor-widget-divider--element-align-left .elementor-divider__element{margin-left:0}.elementor-widget-divider--element-align-right .elementor-divider .elementor-divider-separator>.elementor-divider__svg:last-of-type{-webkit-box-flex:0;-ms-flex-positive:0;flex-grow:0;-ms-flex-negative:100;flex-shrink:100}.elementor-widget-divider--element-align-right .elementor-divider-separator:after{content:none}.elementor-widget-divider--element-align-right .elementor-divider__element{margin-right:0}.elementor-widget-divider:not(.elementor-widget-divider--view-line_text):not(.elementor-widget-divider--view-line_icon) .elementor-divider-separator{border-top:var(--divider-border-width) var(--divider-border-style) var(--divider-color)}.elementor-widget-divider--separator-type-pattern{--divider-border-style:none}.elementor-widget-divider--separator-type-pattern.elementor-widget-divider--view-line .elementor-divider-separator,.elementor-widget-divider--separator-type-pattern:not(.elementor-widget-divider--view-line) .elementor-divider-separator:after,.elementor-widget-divider--separator-type-pattern:not(.elementor-widget-divider--view-line) .elementor-divider-separator:before,.elementor-widget-divider--separator-type-pattern:not([class*=elementor-widget-divider--view]) .elementor-divider-separator{width:100%;min-height:var(--divider-pattern-height);-webkit-mask-size:var(--divider-pattern-size) 100%;mask-size:var(--divider-pattern-size) 100%;-webkit-mask-repeat:var(--divider-pattern-repeat);mask-repeat:var(--divider-pattern-repeat);background-color:var(--divider-color);-webkit-mask-image:var(--divider-pattern-url);mask-image:var(--divider-pattern-url)}.elementor-widget-divider--no-spacing{--divider-pattern-size:auto}.elementor-widget-divider--bg-round{--divider-pattern-repeat:round}.rtl .elementor-widget-divider .elementor-divider__text{direction:rtl}.e-container>.elementor-widget-divider{width:var(--container-widget-width,100%);--flex-grow:var(--container-widget-flex-grow,0)}<\/style>\t\t<div class=\"elementor-divider\">\n\t\t\t<span class=\"elementor-divider-separator\">\n\t\t\t\t\t\t<\/span>\n\t\t<\/div>\n\t\t\t\t<\/div>\n\t\t\t\t<\/div>\n\t\t\t\t\t<\/div>\n\t\t<\/div>\n\t\t\t\t<div class=\"elementor-column elementor-col-33 elementor-top-column elementor-element elementor-element-1e3c0e4\" data-id=\"1e3c0e4\" data-element_type=\"column\">\n\t\t\t<div class=\"elementor-widget-wrap elementor-element-populated\">\n\t\t\t\t\t\t\t\t<div class=\"elementor-element elementor-element-4250c6c elementor-widget elementor-widget-heading\" data-id=\"4250c6c\" data-element_type=\"widget\" data-widget_type=\"heading.default\">\n\t\t\t\t<div class=\"elementor-widget-container\">\n\t\t\t<style>\/*! elementor - v3.7.8 - 02-10-2022 *\/\n.elementor-heading-title{padding:0;margin:0;line-height:1}.elementor-widget-heading .elementor-heading-title[class*=elementor-size-]>a{color:inherit;font-size:inherit;line-height:inherit}.elementor-widget-heading .elementor-heading-title.elementor-size-small{font-size:15px}.elementor-widget-heading .elementor-heading-title.elementor-size-medium{font-size:19px}.elementor-widget-heading .elementor-heading-title.elementor-size-large{font-size:29px}.elementor-widget-heading .elementor-heading-title.elementor-size-xl{font-size:39px}.elementor-widget-heading .elementor-heading-title.elementor-size-xxl{font-size:59px}<\/style><h2 class=\"elementor-heading-title elementor-size-default\">Salvar las distancias<\/h2>\t\t<\/div>\n\t\t\t\t<\/div>\n\t\t\t\t\t<\/div>\n\t\t<\/div>\n\t\t\t\t<div class=\"elementor-column elementor-col-33 elementor-top-column elementor-element elementor-element-bf32fdf\" data-id=\"bf32fdf\" data-element_type=\"column\">\n\t\t\t<div class=\"elementor-widget-wrap elementor-element-populated\">\n\t\t\t\t\t\t\t\t<div class=\"elementor-element elementor-element-574ad91 elementor-widget-divider--view-line elementor-widget elementor-widget-divider\" data-id=\"574ad91\" data-element_type=\"widget\" data-widget_type=\"divider.default\">\n\t\t\t\t<div class=\"elementor-widget-container\">\n\t\t\t\t\t<div class=\"elementor-divider\">\n\t\t\t<span class=\"elementor-divider-separator\">\n\t\t\t\t\t\t<\/span>\n\t\t<\/div>\n\t\t\t\t<\/div>\n\t\t\t\t<\/div>\n\t\t\t\t\t<\/div>\n\t\t<\/div>\n\t\t\t\t\t\t\t<\/div>\n\t\t<\/section>\n\t\t\t\t<section class=\"elementor-section elementor-top-section elementor-element elementor-element-a638227 elementor-section-boxed elementor-section-height-default elementor-section-height-default\" data-id=\"a638227\" data-element_type=\"section\">\n\t\t\t\t\t\t<div class=\"elementor-container elementor-column-gap-default\">\n\t\t\t\t\t<div class=\"elementor-column elementor-col-100 elementor-top-column elementor-element elementor-element-c8f3c97\" data-id=\"c8f3c97\" data-element_type=\"column\">\n\t\t\t<div class=\"elementor-widget-wrap elementor-element-populated\">\n\t\t\t\t\t\t\t\t<div class=\"elementor-element elementor-element-4951640 elementor-widget elementor-widget-text-editor\" data-id=\"4951640\" data-element_type=\"widget\" data-widget_type=\"text-editor.default\">\n\t\t\t\t<div class=\"elementor-widget-container\">\n\t\t\t<style>\/*! elementor - v3.7.8 - 02-10-2022 *\/\n.elementor-widget-text-editor.elementor-drop-cap-view-stacked .elementor-drop-cap{background-color:#818a91;color:#fff}.elementor-widget-text-editor.elementor-drop-cap-view-framed .elementor-drop-cap{color:#818a91;border:3px solid;background-color:transparent}.elementor-widget-text-editor:not(.elementor-drop-cap-view-default) .elementor-drop-cap{margin-top:8px}.elementor-widget-text-editor:not(.elementor-drop-cap-view-default) .elementor-drop-cap-letter{width:1em;height:1em}.elementor-widget-text-editor .elementor-drop-cap{float:left;text-align:center;line-height:1;font-size:50px}.elementor-widget-text-editor .elementor-drop-cap-letter{display:inline-block}<\/style>\t\t\t\t<h4><span style=\"font-weight: normal;\">\u00a0<\/span><\/h4><h4><span style=\"font-weight: normal;\">Grandes condicionantes del \u00e1nimo como la soledad, la enfermedad y la muerte est\u00e1n muy presentes en la tercera edad. Por ello, <\/span>en esta etapa es imprescindible contar con un contexto seguro <span style=\"font-weight: normal;\">a nivel econ\u00f3mico, social y formativo que permita hacer frente a las incertidumbres inherentes a la vejez. Una dificultad a\u00f1adida en el caso de las zonas rurales es el acceso a los servicios que solo se encuentran en las ciudades, observa la doctora en Psicolog\u00eda Pilar Monreal. En sus intervenciones para mayores en zonas rurales, a menudo se ha encontrado con que estos depend\u00edan de un voluntario para poder recurrir a prestaciones b\u00e1sicas.<\/span><\/h4>\t\t\t\t\t\t<\/div>\n\t\t\t\t<\/div>\n\t\t\t\t\t<\/div>\n\t\t<\/div>\n\t\t\t\t\t\t\t<\/div>\n\t\t<\/section>\n\t\t\t\t<section class=\"elementor-section elementor-top-section elementor-element elementor-element-ecaab7c elementor-section-boxed elementor-section-height-default elementor-section-height-default\" data-id=\"ecaab7c\" data-element_type=\"section\">\n\t\t\t\t\t\t<div class=\"elementor-container elementor-column-gap-default\">\n\t\t\t\t\t<div class=\"elementor-column elementor-col-50 elementor-top-column elementor-element elementor-element-70f91d3\" data-id=\"70f91d3\" data-element_type=\"column\">\n\t\t\t<div class=\"elementor-widget-wrap elementor-element-populated\">\n\t\t\t\t\t\t\t\t<div class=\"elementor-element elementor-element-7f9ef6b elementor-widget elementor-widget-text-editor\" data-id=\"7f9ef6b\" data-element_type=\"widget\" data-widget_type=\"text-editor.default\">\n\t\t\t\t<div class=\"elementor-widget-container\">\n\t\t\t\t\t\t\t<h4 style=\"font-variant-ligatures: normal; font-variant-caps: normal; font-family: 'Roboto Slab', sans-serif; font-style: normal;\"><span style=\"font-size: 17px; font-weight: normal;\">Las trabajadoras sociales del valle del Jerte lo confirman:\u00a0<\/span>\u00abCuando detectamos un problema de salud mental, el mayor inconveniente que hay es la falta de recursos de proximidad\u00bb.\u00a0<span style=\"font-size: 17px; font-weight: normal;\">Un a\u00f1adido es la larga lista de espera para citarse con el psic\u00f3logo de la sanidad p\u00fablica, por lo que la mancomunidad y las trabajadoras sociales a menudo elaboran programas de refuerzo: un ejemplo es el grupo de autoayuda, que comenz\u00f3 en octubre. Mediante un seguimiento conjunto de la farmac\u00e9utica, la enfermera y la trabajadora social del pueblo, se pretende reducir la toma de ansiol\u00edticos y antidepresivos en vecinos de distintas edades de Navaconcejo.<\/span><\/h4>\t\t\t\t\t\t<\/div>\n\t\t\t\t<\/div>\n\t\t\t\t\t<\/div>\n\t\t<\/div>\n\t\t\t\t<div class=\"elementor-column elementor-col-50 elementor-top-column elementor-element elementor-element-252700b\" data-id=\"252700b\" data-element_type=\"column\">\n\t\t\t<div class=\"elementor-widget-wrap elementor-element-populated\">\n\t\t\t\t\t\t\t\t<div class=\"elementor-element elementor-element-a1a636b elementor-widget elementor-widget-image\" data-id=\"a1a636b\" data-element_type=\"widget\" data-widget_type=\"image.default\">\n\t\t\t\t<div class=\"elementor-widget-container\">\n\t\t\t<style>\/*! elementor - v3.7.8 - 02-10-2022 *\/\n.elementor-widget-image{text-align:center}.elementor-widget-image a{display:inline-block}.elementor-widget-image a img[src$=\".svg\"]{width:48px}.elementor-widget-image img{vertical-align:middle;display:inline-block}<\/style>\t\t\t\t\t\t\t\t\t<figure class=\"wp-caption\">\n\t\t\t\t\t\t\t\t\t\t<img width=\"768\" height=\"388\" src=\"https:\/\/saludmentalrural.practicasdeperiodismo.com\/wp-content\/uploads\/2022\/10\/IMG20221007140137-Editada-768x388.png\" class=\"attachment-medium_large size-medium_large\" alt=\"Trabajadoras sociales de la mancomunidad del valle del Jerte\" loading=\"lazy\" srcset=\"https:\/\/saludmentalrural.practicasdeperiodismo.com\/wp-content\/uploads\/2022\/10\/IMG20221007140137-Editada-768x388.png 768w, https:\/\/saludmentalrural.practicasdeperiodismo.com\/wp-content\/uploads\/2022\/10\/IMG20221007140137-Editada-300x151.png 300w, https:\/\/saludmentalrural.practicasdeperiodismo.com\/wp-content\/uploads\/2022\/10\/IMG20221007140137-Editada-1024x517.png 1024w, https:\/\/saludmentalrural.practicasdeperiodismo.com\/wp-content\/uploads\/2022\/10\/IMG20221007140137-Editada-1536x775.png 1536w, https:\/\/saludmentalrural.practicasdeperiodismo.com\/wp-content\/uploads\/2022\/10\/IMG20221007140137-Editada.png 1577w\" sizes=\"(max-width: 768px) 100vw, 768px\" \/>\t\t\t\t\t\t\t\t\t\t\t<figcaption class=\"widget-image-caption wp-caption-text\">Las cuatro trabajadoras de la mancomunidad del valle del Jerte se re\u00fanen para coordinar el inicio del a\u00f1o lectivo. Irene Olmedo<\/figcaption>\n\t\t\t\t\t\t\t\t\t\t<\/figure>\n\t\t\t\t\t\t\t\t\t<\/div>\n\t\t\t\t<\/div>\n\t\t\t\t\t<\/div>\n\t\t<\/div>\n\t\t\t\t\t\t\t<\/div>\n\t\t<\/section>\n\t\t\t\t<section class=\"elementor-section elementor-top-section elementor-element elementor-element-3ca7ebf elementor-section-boxed elementor-section-height-default elementor-section-height-default\" data-id=\"3ca7ebf\" data-element_type=\"section\">\n\t\t\t\t\t\t<div class=\"elementor-container elementor-column-gap-default\">\n\t\t\t\t\t<div class=\"elementor-column elementor-col-100 elementor-top-column elementor-element elementor-element-8900225\" data-id=\"8900225\" data-element_type=\"column\">\n\t\t\t<div class=\"elementor-widget-wrap elementor-element-populated\">\n\t\t\t\t\t\t\t\t<div class=\"elementor-element elementor-element-0f0dd41 elementor-widget elementor-widget-text-editor\" data-id=\"0f0dd41\" data-element_type=\"widget\" data-widget_type=\"text-editor.default\">\n\t\t\t\t<div class=\"elementor-widget-container\">\n\t\t\t\t\t\t\t<h2 style=\"font-variant-ligatures: normal; font-variant-caps: normal; font-family: 'Roboto Slab', sans-serif; font-style: normal;\"><span style=\"font-size: 20px; font-weight: 600;\">Escuchar e integrar<\/span><\/h2><h4 style=\"font-variant-ligatures: normal; font-variant-caps: normal; font-family: 'Roboto Slab', sans-serif; font-style: normal;\">Actuar a tiempo es importante para que los problemas an\u00edmicos no se confundan con demencias,\u00a0<span style=\"font-size: 17px; font-weight: normal;\">advierten las trabajadoras sociales. Algunas estrategias que se han ideado para paliar las carencias del sistema son las iniciativas p\u00fablicas, el asociacionismo, mancomunar servicios o<a style=\"font-size: 17px;\" href=\"https:\/\/summa.upsa.es\/viewer.vm?id=30167\">\u00a0un equipo de salud mental itinerante<\/a>. A la hora de poner programas en marcha, una de las trabajadoras sociales subraya que es importante escuchar las preferencias de las personas mayores:\u00a0<\/span>\u00abHay que tratar el envejecimiento activo de una forma que las personas se sientan identificadas con la actividad que est\u00e1n realizando\u00bb.<\/h4><h4 style=\"font-variant-ligatures: normal; font-variant-caps: normal; font-family: 'Roboto Slab', sans-serif; font-style: normal;\"><span style=\"font-size: 17px; font-weight: normal;\">Para ello, es necesario tener en cuenta las bases -como la cultura o la forma de vida- de los habitantes de un lugar y no planificar desde los despachos, apunta Pilar Monreal: un reto cada vez mayor por la creciente heterogeneidad de la tercera edad. Pero, sobre todo, opina que han de ser transversales, de forma que se deje de considerar a la tercera edad aparte, ya que\u00a0<\/span>\u00aben un pueblo de 800 personas no se puede pretender trabajar solo con los mayores, porque tienen un contexto\u00bb.\u00a0<span style=\"font-size: 17px; font-weight: normal;\">De esta forma, argumenta, no se apartar\u00eda a la tercera edad del funcionamiento de la sociedad, pues su aporte es indispensable para que otras generaciones \u00abentiendan el mundo que les ha precedido y por qu\u00e9 hemos llegado hasta aqu\u00ed\u00bb.<\/span><\/h4>\t\t\t\t\t\t<\/div>\n\t\t\t\t<\/div>\n\t\t\t\t\t<\/div>\n\t\t<\/div>\n\t\t\t\t\t\t\t<\/div>\n\t\t<\/section>\n\t\t\t\t<section class=\"elementor-section elementor-top-section elementor-element elementor-element-9701a39 elementor-section-boxed elementor-section-height-default elementor-section-height-default\" data-id=\"9701a39\" data-element_type=\"section\">\n\t\t\t\t\t\t<div class=\"elementor-container elementor-column-gap-default\">\n\t\t\t\t\t<div class=\"elementor-column elementor-col-50 elementor-top-column elementor-element elementor-element-6e77dc4\" data-id=\"6e77dc4\" data-element_type=\"column\">\n\t\t\t<div class=\"elementor-widget-wrap elementor-element-populated\">\n\t\t\t\t\t\t\t\t<div class=\"elementor-element elementor-element-58cf583 elementor-widget elementor-widget-text-editor\" data-id=\"58cf583\" data-element_type=\"widget\" data-widget_type=\"text-editor.default\">\n\t\t\t\t<div class=\"elementor-widget-container\">\n\t\t\t\t\t\t\t<p><a href=\"https:\/\/saludmentalrural.practicasdeperiodismo.com\/index.php\/pagina-3\/\">ANTERIOR<\/a><\/p>\t\t\t\t\t\t<\/div>\n\t\t\t\t<\/div>\n\t\t\t\t\t<\/div>\n\t\t<\/div>\n\t\t\t\t<div class=\"elementor-column elementor-col-50 elementor-top-column elementor-element elementor-element-ff6ccb8\" data-id=\"ff6ccb8\" data-element_type=\"column\">\n\t\t\t<div class=\"elementor-widget-wrap elementor-element-populated\">\n\t\t\t\t\t\t\t\t<div class=\"elementor-element elementor-element-e763992 elementor-widget elementor-widget-text-editor\" data-id=\"e763992\" data-element_type=\"widget\" data-widget_type=\"text-editor.default\">\n\t\t\t\t<div class=\"elementor-widget-container\">\n\t\t\t\t\t\t\t<p><a href=\"https:\/\/saludmentalrural.practicasdeperiodismo.com\/\">INICIO<\/a><\/p>\t\t\t\t\t\t<\/div>\n\t\t\t\t<\/div>\n\t\t\t\t\t<\/div>\n\t\t<\/div>\n\t\t\t\t\t\t\t<\/div>\n\t\t<\/section>\n\t\t\t\t\t\t\t<\/div>\n\t\t","protected":false},"excerpt":{"rendered":"<p>Previous Next Salvar las distancias \u00a0 Grandes condicionantes del \u00e1nimo como la soledad, la enfermedad y la muerte est\u00e1n muy presentes en la tercera edad. Por ello, en esta etapa es imprescindible contar con un contexto seguro a nivel econ\u00f3mico, social y formativo que permita hacer frente a las incertidumbres inherentes a la vejez. Una [&hellip;]<\/p>\n","protected":false},"author":2,"featured_media":0,"parent":0,"menu_order":0,"comment_status":"closed","ping_status":"closed","template":"","meta":{"om_disable_all_campaigns":false,"_monsterinsights_skip_tracking":false,"_monsterinsights_sitenote_active":false,"_monsterinsights_sitenote_note":"","_monsterinsights_sitenote_category":0},"aioseo_notices":[],"_links":{"self":[{"href":"https:\/\/saludmentalrural.practicasdeperiodismo.com\/index.php\/wp-json\/wp\/v2\/pages\/14"}],"collection":[{"href":"https:\/\/saludmentalrural.practicasdeperiodismo.com\/index.php\/wp-json\/wp\/v2\/pages"}],"about":[{"href":"https:\/\/saludmentalrural.practicasdeperiodismo.com\/index.php\/wp-json\/wp\/v2\/types\/page"}],"author":[{"embeddable":true,"href":"https:\/\/saludmentalrural.practicasdeperiodismo.com\/index.php\/wp-json\/wp\/v2\/users\/2"}],"replies":[{"embeddable":true,"href":"https:\/\/saludmentalrural.practicasdeperiodismo.com\/index.php\/wp-json\/wp\/v2\/comments?post=14"}],"version-history":[{"count":51,"href":"https:\/\/saludmentalrural.practicasdeperiodismo.com\/index.php\/wp-json\/wp\/v2\/pages\/14\/revisions"}],"predecessor-version":[{"id":465,"href":"https:\/\/saludmentalrural.practicasdeperiodismo.com\/index.php\/wp-json\/wp\/v2\/pages\/14\/revisions\/465"}],"wp:attachment":[{"href":"https:\/\/saludmentalrural.practicasdeperiodismo.com\/index.php\/wp-json\/wp\/v2\/media?parent=14"}],"curies":[{"name":"wp","href":"https:\/\/api.w.org\/{rel}","templated":true}]}}